{"id":166,"date":"2020-03-21T16:57:12","date_gmt":"2020-03-21T16:57:12","guid":{"rendered":"http:\/\/cagdascengel.com\/?page_id=166"},"modified":"2020-03-21T19:23:11","modified_gmt":"2020-03-21T19:23:11","slug":"diger-danismanlik-hizmetleri","status":"publish","type":"page","link":"https:\/\/cagdascengel.com\/index.php\/diger-danismanlik-hizmetleri\/","title":{"rendered":"Di\u011fer Dan\u0131\u015fmanl\u0131k Hizmetleri"},"content":{"rendered":"","protected":false},"excerpt":{"rendered":"","protected":false},"author":1,"featured_media":0,"parent":0,"menu_order":0,"comment_status":"closed","ping_status":"closed","template":"","meta":[],"_links":{"self":[{"href":"https:\/\/cagdascengel.com\/index.php\/wp-json\/wp\/v2\/pages\/166"}],"collection":[{"href":"https:\/\/cagdascengel.com\/index.php\/wp-json\/wp\/v2\/pages"}],"about":[{"href":"https:\/\/cagdascengel.com\/index.php\/wp-json\/wp\/v2\/types\/page"}],"author":[{"embeddable":true,"href":"https:\/\/cagdascengel.com\/index.php\/wp-json\/wp\/v2\/users\/1"}],"replies":[{"embeddable":true,"href":"https:\/\/cagdascengel.com\/index.php\/wp-json\/wp\/v2\/comments?post=166"}],"version-history":[{"count":1,"href":"https:\/\/cagdascengel.com\/index.php\/wp-json\/wp\/v2\/pages\/166\/revisions"}],"predecessor-version":[{"id":167,"href":"https:\/\/cagdascengel.com\/index.php\/wp-json\/wp\/v2\/pages\/166\/revisions\/167"}],"wp:attachment":[{"href":"https:\/\/cagdascengel.com\/index.php\/wp-json\/wp\/v2\/media?parent=166"}],"curies":[{"name":"wp","href":"https:\/\/api.w.org\/{rel}","templated":true}]}}