{"id":164,"date":"2020-03-21T16:56:53","date_gmt":"2020-03-21T16:56:53","guid":{"rendered":"http:\/\/cagdascengel.com\/?page_id=164"},"modified":"2020-03-21T19:22:26","modified_gmt":"2020-03-21T19:22:26","slug":"mali-ve-vergi-hukuk-danismanligi","status":"publish","type":"page","link":"https:\/\/cagdascengel.com\/index.php\/mali-ve-vergi-hukuk-danismanligi\/","title":{"rendered":"Mali ve Vergi Hukuk Dan\u0131\u015fmanl\u0131\u011f\u0131"},"content":{"rendered":"","protected":false},"excerpt":{"rendered":"","protected":false},"author":1,"featured_media":0,"parent":0,"menu_order":0,"comment_status":"closed","ping_status":"closed","template":"","meta":[],"_links":{"self":[{"href":"https:\/\/cagdascengel.com\/index.php\/wp-json\/wp\/v2\/pages\/164"}],"collection":[{"href":"https:\/\/cagdascengel.com\/index.php\/wp-json\/wp\/v2\/pages"}],"about":[{"href":"https:\/\/cagdascengel.com\/index.php\/wp-json\/wp\/v2\/types\/page"}],"author":[{"embeddable":true,"href":"https:\/\/cagdascengel.com\/index.php\/wp-json\/wp\/v2\/users\/1"}],"replies":[{"embeddable":true,"href":"https:\/\/cagdascengel.com\/index.php\/wp-json\/wp\/v2\/comments?post=164"}],"version-history":[{"count":1,"href":"https:\/\/cagdascengel.com\/index.php\/wp-json\/wp\/v2\/pages\/164\/revisions"}],"predecessor-version":[{"id":165,"href":"https:\/\/cagdascengel.com\/index.php\/wp-json\/wp\/v2\/pages\/164\/revisions\/165"}],"wp:attachment":[{"href":"https:\/\/cagdascengel.com\/index.php\/wp-json\/wp\/v2\/media?parent=164"}],"curies":[{"name":"wp","href":"https:\/\/api.w.org\/{rel}","templated":true}]}}