{"id":162,"date":"2020-03-21T16:56:36","date_gmt":"2020-03-21T16:56:36","guid":{"rendered":"http:\/\/cagdascengel.com\/?page_id=162"},"modified":"2020-03-21T19:21:48","modified_gmt":"2020-03-21T19:21:48","slug":"ozel-amacli-mali-inceleme-risk-degerlendirmesi","status":"publish","type":"page","link":"https:\/\/cagdascengel.com\/index.php\/ozel-amacli-mali-inceleme-risk-degerlendirmesi\/","title":{"rendered":"\u00d6zel Ama\u00e7l\u0131 Mali \u0130nceleme Risk De\u011ferlendirmesi"},"content":{"rendered":"","protected":false},"excerpt":{"rendered":"","protected":false},"author":1,"featured_media":0,"parent":0,"menu_order":0,"comment_status":"closed","ping_status":"closed","template":"","meta":[],"_links":{"self":[{"href":"https:\/\/cagdascengel.com\/index.php\/wp-json\/wp\/v2\/pages\/162"}],"collection":[{"href":"https:\/\/cagdascengel.com\/index.php\/wp-json\/wp\/v2\/pages"}],"about":[{"href":"https:\/\/cagdascengel.com\/index.php\/wp-json\/wp\/v2\/types\/page"}],"author":[{"embeddable":true,"href":"https:\/\/cagdascengel.com\/index.php\/wp-json\/wp\/v2\/users\/1"}],"replies":[{"embeddable":true,"href":"https:\/\/cagdascengel.com\/index.php\/wp-json\/wp\/v2\/comments?post=162"}],"version-history":[{"count":1,"href":"https:\/\/cagdascengel.com\/index.php\/wp-json\/wp\/v2\/pages\/162\/revisions"}],"predecessor-version":[{"id":163,"href":"https:\/\/cagdascengel.com\/index.php\/wp-json\/wp\/v2\/pages\/162\/revisions\/163"}],"wp:attachment":[{"href":"https:\/\/cagdascengel.com\/index.php\/wp-json\/wp\/v2\/media?parent=162"}],"curies":[{"name":"wp","href":"https:\/\/api.w.org\/{rel}","templated":true}]}}